{"id":439,"date":"2025-05-15T08:38:43","date_gmt":"2025-05-15T08:38:43","guid":{"rendered":"https:\/\/bilbokoliburuazoka.com\/pribatutasun-politika\/"},"modified":"2025-05-23T11:14:28","modified_gmt":"2025-05-23T11:14:28","slug":"pribatutasun-politika","status":"publish","type":"page","link":"https:\/\/bilbokoliburuazoka.com\/eu\/pribatutasun-politika\/","title":{"rendered":"Pribatutasun-Politika"},"content":{"rendered":"<p>[et_pb_section fb_built=&#8221;1&#8243; _builder_version=&#8221;4.19.0&#8243; _module_preset=&#8221;default&#8221; animation_style=&#8221;fade&#8221; locked=&#8221;off&#8221; global_colors_info=&#8221;{}&#8221;][et_pb_row _builder_version=&#8221;4.19.0&#8243; _module_preset=&#8221;default&#8221; width=&#8221;90%&#8221; max_width=&#8221;1600px&#8221; hover_enabled=&#8221;0&#8243; global_colors_info=&#8221;{}&#8221; sticky_enabled=&#8221;0&#8243;][et_pb_column type=&#8221;4_4&#8243; _builder_version=&#8221;4.19.0&#8243; _module_preset=&#8221;default&#8221; global_colors_info=&#8221;{}&#8221;][et_pb_text _builder_version=&#8221;4.19.0&#8243; _module_preset=&#8221;default&#8221; text_font=&#8221;|||on|||||&#8221; text_text_color=&#8221;#000000&#8243; text_font_size=&#8221;85px&#8221; custom_padding=&#8221;0px||0px||false|false&#8221; hover_enabled=&#8221;0&#8243; global_colors_info=&#8221;{}&#8221; text_font_size_last_edited=&#8221;on|phone&#8221; text_font_size_phone=&#8221;60px&#8221; text_line_height_last_edited=&#8221;on|phone&#8221; text_line_height_phone=&#8221;1em&#8221; sticky_enabled=&#8221;0&#8243; text_font_size_tablet=&#8221;85px&#8221;]<\/p>\n<p>PRIBATASUN-POLITIKA<\/p>\n<p>[\/et_pb_text][\/et_pb_column][\/et_pb_row][\/et_pb_section][et_pb_section fb_built=&#8221;1&#8243; _builder_version=&#8221;4.19.0&#8243; _module_preset=&#8221;default&#8221; animation_style=&#8221;fade&#8221; locked=&#8221;off&#8221; global_colors_info=&#8221;{}&#8221;][et_pb_row _builder_version=&#8221;4.19.0&#8243; _module_preset=&#8221;default&#8221; width=&#8221;90%&#8221; max_width=&#8221;1600px&#8221; global_colors_info=&#8221;{}&#8221;][et_pb_column type=&#8221;4_4&#8243; _builder_version=&#8221;4.19.0&#8243; _module_preset=&#8221;default&#8221; global_colors_info=&#8221;{}&#8221;][et_pb_text _builder_version=&#8221;4.19.0&#8243; _module_preset=&#8221;default&#8221; text_text_color=&#8221;#000000&#8243; text_font_size=&#8221;16px&#8221; link_text_color=&#8221;gcid-6f384718-db13-46df-8b00-4af1f051775d&#8221; global_colors_info=&#8221;{%22gcid-6f384718-db13-46df-8b00-4af1f051775d%22:%91%22link_text_color%22%93}&#8221;]<\/p>\n<p data-start=\"0\" data-end=\"125\"><strong data-start=\"29\" data-end=\"73\">Azken eguneratzea: 2025eko maiatzak 23<\/strong><br data-start=\"73\" data-end=\"76\"><strong data-start=\"76\" data-end=\"125\">Indarrean jartzeko data: 2025eko maiatzaren 23a<\/strong><\/p>\n<p data-start=\"127\" data-end=\"745\">Esta Pol\u00edtica de Privacidad describe las pol\u00edticas de Feria del Libro de Bilbao, Lehendakari Aguirre 11 &#8211; 3\u00ba, 48014 Bilbao, Bizkaia, Espa\u00f1a, correo electr\u00f3nico: <a data-start=\"288\" data-end=\"313\" class=\"cursor-pointer\" rel=\"noopener\">ganbara@liburuganbara.eus<\/a>, tel\u00e9fono: 944764313, en relaci\u00f3n con la recopilaci\u00f3n, uso y divulgaci\u00f3n de su informaci\u00f3n cuando utiliza nuestro sitio web (<a class=\"\" rel=\"noopener\" target=\"_new\" data-start=\"439\" data-end=\"503\" href=\"https:\/\/bilbokoliburuazoka.com\/eu\">https:\/\/bilbokoliburuazoka.com\/eu<\/a>) (en adelante, el \u201cServicio\u201d). Al acceder o utilizar el Servicio, usted consiente la recopilaci\u00f3n, uso y divulgaci\u00f3n de su informaci\u00f3n conforme a esta Pol\u00edtica de Privacidad. Si no est\u00e1 de acuerdo, por favor no acceda ni utilice el Servicio.  <\/p>\n<p data-start=\"747\" data-end=\"1118\">Pribatutasun-politika hori edozein unetan alda dezakegu, aldez aurretik jakinarazi gabe. Berrikusitako politika Zerbitzuan argitaratuko dugu. Politika berria Zerbitzuan argitaratu eta 180 egunera izango da eraginkorra, eta epe horren ondoren etengabe erabiltzen bada, Politika hori onartuko da. Horregatik, orrialde hau aldizka berrikustea gomendatzen dizugu.   <\/p>\n<p data-start=\"1120\" data-end=\"1237\"><strong data-start=\"1120\" data-end=\"1151\">Nola erabiltzen dugu zure informazioa:<\/strong><br data-start=\"1151\" data-end=\"1154\">Zuri buruz biltzen dugun informazioa helburu hauetarako erabiliko dugu:<\/p>\n<ul data-start=\"1239\" data-end=\"1333\">\n<li data-start=\"1239\" data-end=\"1250\">\n<p data-start=\"1241\" data-end=\"1250\">Euskarria<\/p>\n<\/li>\n<li data-start=\"1251\" data-end=\"1281\">\n<p data-start=\"1253\" data-end=\"1281\">Administrazio-informazioa<\/p>\n<\/li>\n<li data-start=\"1282\" data-end=\"1306\">\n<p data-start=\"1284\" data-end=\"1306\">Gunearen babesa<\/p>\n<\/li>\n<li data-start=\"1307\" data-end=\"1333\">\n<p data-start=\"1309\" data-end=\"1333\">Eztabaidak ebaztea<\/p>\n<\/li>\n<\/ul>\n<p data-start=\"1335\" data-end=\"1594\">Zure informazioa beste edozein helburutarako erabili nahi badugu, aldez aurretik zure baimena eskatuko dizugu, eta jaso ondoren bakarrik erabiliko dugu, eta eman den helburuetarako bakarrik, legeak kontrakoa eskatzen ez badu.<\/p>\n<p data-start=\"1596\" data-end=\"2205\"><strong data-start=\"1596\" data-end=\"1613\">Eskubideak:<\/strong><br data-start=\"1613\" data-end=\"1616\">Aplikatu beharreko legeriaren arabera, eskubidea izan dezakezu zure datu pertsonalak eskuratzeko, zuzentzeko edo ezabatzeko, zure datuen kopia bat jasotzeko, datuen tratamendu aktiboa mugatzeko edo horren aurka egiteko, zure informazio pertsonala beste erakunde bati transferitzeko eskatzeko, aurretik emandako edozein baimen kentzeko, eskumena duen agintaritza baten aurrean erreklamazio bat aurkezteko, besteak beste, aplikatu beharreko araudian aurreikusita egon daitezkeen eskubideen artean. Eskubide horiek baliatzeko, hona idatz diezagukezu: <a data-start=\"2136\" data-end=\"2161\" class=\"cursor-pointer\" rel=\"noopener\">ganbara@liburuganbara.eus<\/a>. Aplikatu beharreko legearen arabera erantzungo dugu.  <\/p>\n<p data-start=\"2207\" data-end=\"2473\">Kontuan izan behar duzu ezen, beharrezko informazio pertsonala biltzen edo prozesatzen uzten ez badiguzu, edo eskatutako helburuekin prozesatzeko baimena kentzen ez badiguzu, litekeena dela informazio hori behar zenuen zerbitzuetara ezin sartzea edo horiek erabiltzea.<\/p>\n<p data-start=\"2475\" data-end=\"2656\"><strong data-start=\"2475\" data-end=\"2494\">Cookieak eta bestelakoak<\/strong><br data-start=\"2494\" data-end=\"2497\">Jarraipen-teknologia horiek nola erabiltzen ditugun eta zer aukera dauden jakiteko, kontsultatu, mesedez, gure cookie-politika.<\/p>\n<p data-start=\"2658\" data-end=\"3080\"><strong data-start=\"2658\" data-end=\"2672\">Segurtasuna:<\/strong><br data-start=\"2672\" data-end=\"2675\">Zure informazioaren segurtasuna garrantzitsua da guretzat, eta zentzuzko neurriak erabiliko ditugu informazio hori galtzea, gaizki erabiltzea edo baimenik gabe aldatzea saihesteko, gure kontrolpean. Hala ere, berezko arriskuak direla eta, ezin dugu erabateko segurtasuna bermatu, eta, beraz, ezin dugu bermatu edo bermatu transmititzen digun edozein informazioren segurtasuna, eta horrek arriskua eragiten du. <\/p>\n<p data-start=\"3082\" data-end=\"3498\"><strong data-start=\"3082\" data-end=\"3149\">Erreklamazioen arduraduna\/Datuak Babesteko ordezkaria:<\/strong><br data-start=\"3149\" data-end=\"3152\">Gure aldetik zure informazioaren tratamenduari buruzko kontsultarik edo kezkarik baduzu, jarri harremanetan posta elektronikoz gure Bilboko Liburu Azokako Erreklamazioen arduradunarekin, Agirre Lehendakaria 11 &#8211; 3.a, 48014 Bilbao, email: <a data-start=\"3407\" data-end=\"3432\" class=\"cursor-pointer\" rel=\"noopener\">ganbara@liburuganbara.eus<\/a>. Zure kezkei erantzungo diegu, aplikatu beharreko legeriaren arabera. <\/p>\n<p>[\/et_pb_text][\/et_pb_column][\/et_pb_row][\/et_pb_section]<\/p>\n","protected":false},"excerpt":{"rendered":"<p>PRIBATASUN-POLITIKAAzken eguneratzea: 2025eko maiatzak 23Indarrean jartzeko data: 2025eko maiatzaren 23a Esta Pol\u00edtica de Privacidad describe las pol\u00edticas de Feria del Libro de Bilbao, Lehendakari Aguirre 11 &#8211; 3\u00ba, 48014 Bilbao, Bizkaia, Espa\u00f1a, correo electr\u00f3nico: ganbara@liburuganbara.eus, tel\u00e9fono: 944764313, en relaci\u00f3n con la recopilaci\u00f3n, uso y divulgaci\u00f3n de su informaci\u00f3n cuando utiliza nuestro sitio web (https:\/\/bilbokoliburuazoka.com\/eu) (en [&hellip;]<\/p>\n","protected":false},"author":1,"featured_media":0,"parent":0,"menu_order":0,"comment_status":"closed","ping_status":"open","template":"","meta":{"_et_pb_use_builder":"on","_et_pb_old_content":"","_et_gb_content_width":"","footnotes":""},"class_list":["post-439","page","type-page","status-publish","hentry"],"yoast_head":"<!-- This site is optimized with the Yoast SEO plugin v25.2 - https:\/\/yoast.com\/wordpress\/plugins\/seo\/ -->\n<title>Pribatutasun-Politika | Bilboko Liburu Azoka 2025<\/title>\n<meta name=\"robots\" content=\"index, follow, max-snippet:-1, max-image-preview:large, max-video-preview:-1\" \/>\n<link rel=\"canonical\" href=\"https:\/\/bilbokoliburuazoka.com\/eu\/pribatutasun-politika\/\" \/>\n<meta property=\"og:locale\" content=\"eu_ES\" \/>\n<meta property=\"og:type\" content=\"article\" \/>\n<meta property=\"og:title\" content=\"Pribatutasun-Politika | Bilboko Liburu Azoka 2025\" \/>\n<meta property=\"og:description\" content=\"PRIBATASUN-POLITIKAAzken eguneratzea: 2025eko maiatzak 23Indarrean jartzeko data: 2025eko maiatzaren 23a Esta Pol\u00edtica de Privacidad describe las pol\u00edticas de Feria del Libro de Bilbao, Lehendakari Aguirre 11 - 3\u00ba, 48014 Bilbao, Bizkaia, Espa\u00f1a, correo electr\u00f3nico: ganbara@liburuganbara.eus, tel\u00e9fono: 944764313, en relaci\u00f3n con la recopilaci\u00f3n, uso y divulgaci\u00f3n de su informaci\u00f3n cuando utiliza nuestro sitio web (https:\/\/bilbokoliburuazoka.com\/eu) (en [&hellip;]\" \/>\n<meta property=\"og:url\" content=\"https:\/\/bilbokoliburuazoka.com\/eu\/pribatutasun-politika\/\" \/>\n<meta property=\"og:site_name\" content=\"Bilboko Liburu Azoka 2025\" \/>\n<meta property=\"article:modified_time\" content=\"2025-05-23T11:14:28+00:00\" \/>\n<meta name=\"twitter:card\" content=\"summary_large_image\" \/>\n<meta name=\"twitter:label1\" content=\"Est. reading time\" \/>\n\t<meta name=\"twitter:data1\" content=\"3 minutes\" \/>\n<script type=\"application\/ld+json\" class=\"yoast-schema-graph\">{\"@context\":\"https:\/\/schema.org\",\"@graph\":[{\"@type\":\"WebPage\",\"@id\":\"https:\/\/bilbokoliburuazoka.com\/eu\/pribatutasun-politika\/\",\"url\":\"https:\/\/bilbokoliburuazoka.com\/eu\/pribatutasun-politika\/\",\"name\":\"Pribatutasun-Politika | Bilboko Liburu Azoka 2025\",\"isPartOf\":{\"@id\":\"https:\/\/bilbokoliburuazoka.com\/#website\"},\"datePublished\":\"2025-05-15T08:38:43+00:00\",\"dateModified\":\"2025-05-23T11:14:28+00:00\",\"breadcrumb\":{\"@id\":\"https:\/\/bilbokoliburuazoka.com\/eu\/pribatutasun-politika\/#breadcrumb\"},\"inLanguage\":\"eu-ES\",\"potentialAction\":[{\"@type\":\"ReadAction\",\"target\":[\"https:\/\/bilbokoliburuazoka.com\/eu\/pribatutasun-politika\/\"]}]},{\"@type\":\"BreadcrumbList\",\"@id\":\"https:\/\/bilbokoliburuazoka.com\/eu\/pribatutasun-politika\/#breadcrumb\",\"itemListElement\":[{\"@type\":\"ListItem\",\"position\":1,\"name\":\"Portada\",\"item\":\"https:\/\/bilbokoliburuazoka.com\/eu\/hasiera\/\"},{\"@type\":\"ListItem\",\"position\":2,\"name\":\"Pribatutasun-Politika\"}]},{\"@type\":\"WebSite\",\"@id\":\"https:\/\/bilbokoliburuazoka.com\/#website\",\"url\":\"https:\/\/bilbokoliburuazoka.com\/\",\"name\":\"Bilboko Liburu Azoka\",\"description\":\"2025eko Bilboko Liburu Azokaren webgune ofiziala\",\"publisher\":{\"@id\":\"https:\/\/bilbokoliburuazoka.com\/#organization\"},\"alternateName\":\"Feria del Libro de Bilbao\",\"potentialAction\":[{\"@type\":\"SearchAction\",\"target\":{\"@type\":\"EntryPoint\",\"urlTemplate\":\"https:\/\/bilbokoliburuazoka.com\/?s={search_term_string}\"},\"query-input\":{\"@type\":\"PropertyValueSpecification\",\"valueRequired\":true,\"valueName\":\"search_term_string\"}}],\"inLanguage\":\"eu-ES\"},{\"@type\":\"Organization\",\"@id\":\"https:\/\/bilbokoliburuazoka.com\/#organization\",\"name\":\"Bilboko Liburu Azoka\",\"url\":\"https:\/\/bilbokoliburuazoka.com\/\",\"logo\":{\"@type\":\"ImageObject\",\"inLanguage\":\"eu-ES\",\"@id\":\"https:\/\/bilbokoliburuazoka.com\/#\/schema\/logo\/image\/\",\"url\":\"https:\/\/bilbokoliburuazoka.com\/wp-content\/uploads\/2025\/05\/Logo-Feria-del-Libro-Bilbao-2025-scaled.png\",\"contentUrl\":\"https:\/\/bilbokoliburuazoka.com\/wp-content\/uploads\/2025\/05\/Logo-Feria-del-Libro-Bilbao-2025-scaled.png\",\"width\":2560,\"height\":650,\"caption\":\"Bilboko Liburu Azoka\"},\"image\":{\"@id\":\"https:\/\/bilbokoliburuazoka.com\/#\/schema\/logo\/image\/\"},\"sameAs\":[\"https:\/\/www.instagram.com\/bilbokoliburuazoka\/\"]}]}<\/script>\n<!-- \/ Yoast SEO plugin. -->","yoast_head_json":{"title":"Pribatutasun-Politika | Bilboko Liburu Azoka 2025","robots":{"index":"index","follow":"follow","max-snippet":"max-snippet:-1","max-image-preview":"max-image-preview:large","max-video-preview":"max-video-preview:-1"},"canonical":"https:\/\/bilbokoliburuazoka.com\/eu\/pribatutasun-politika\/","og_locale":"eu_ES","og_type":"article","og_title":"Pribatutasun-Politika | Bilboko Liburu Azoka 2025","og_description":"PRIBATASUN-POLITIKAAzken eguneratzea: 2025eko maiatzak 23Indarrean jartzeko data: 2025eko maiatzaren 23a Esta Pol\u00edtica de Privacidad describe las pol\u00edticas de Feria del Libro de Bilbao, Lehendakari Aguirre 11 - 3\u00ba, 48014 Bilbao, Bizkaia, Espa\u00f1a, correo electr\u00f3nico: ganbara@liburuganbara.eus, tel\u00e9fono: 944764313, en relaci\u00f3n con la recopilaci\u00f3n, uso y divulgaci\u00f3n de su informaci\u00f3n cuando utiliza nuestro sitio web (https:\/\/bilbokoliburuazoka.com\/eu) (en [&hellip;]","og_url":"https:\/\/bilbokoliburuazoka.com\/eu\/pribatutasun-politika\/","og_site_name":"Bilboko Liburu Azoka 2025","article_modified_time":"2025-05-23T11:14:28+00:00","twitter_card":"summary_large_image","twitter_misc":{"Est. reading time":"3 minutes"},"schema":{"@context":"https:\/\/schema.org","@graph":[{"@type":"WebPage","@id":"https:\/\/bilbokoliburuazoka.com\/eu\/pribatutasun-politika\/","url":"https:\/\/bilbokoliburuazoka.com\/eu\/pribatutasun-politika\/","name":"Pribatutasun-Politika | Bilboko Liburu Azoka 2025","isPartOf":{"@id":"https:\/\/bilbokoliburuazoka.com\/#website"},"datePublished":"2025-05-15T08:38:43+00:00","dateModified":"2025-05-23T11:14:28+00:00","breadcrumb":{"@id":"https:\/\/bilbokoliburuazoka.com\/eu\/pribatutasun-politika\/#breadcrumb"},"inLanguage":"eu-ES","potentialAction":[{"@type":"ReadAction","target":["https:\/\/bilbokoliburuazoka.com\/eu\/pribatutasun-politika\/"]}]},{"@type":"BreadcrumbList","@id":"https:\/\/bilbokoliburuazoka.com\/eu\/pribatutasun-politika\/#breadcrumb","itemListElement":[{"@type":"ListItem","position":1,"name":"Portada","item":"https:\/\/bilbokoliburuazoka.com\/eu\/hasiera\/"},{"@type":"ListItem","position":2,"name":"Pribatutasun-Politika"}]},{"@type":"WebSite","@id":"https:\/\/bilbokoliburuazoka.com\/#website","url":"https:\/\/bilbokoliburuazoka.com\/","name":"Bilboko Liburu Azoka","description":"2025eko Bilboko Liburu Azokaren webgune ofiziala","publisher":{"@id":"https:\/\/bilbokoliburuazoka.com\/#organization"},"alternateName":"Feria del Libro de Bilbao","potentialAction":[{"@type":"SearchAction","target":{"@type":"EntryPoint","urlTemplate":"https:\/\/bilbokoliburuazoka.com\/?s={search_term_string}"},"query-input":{"@type":"PropertyValueSpecification","valueRequired":true,"valueName":"search_term_string"}}],"inLanguage":"eu-ES"},{"@type":"Organization","@id":"https:\/\/bilbokoliburuazoka.com\/#organization","name":"Bilboko Liburu Azoka","url":"https:\/\/bilbokoliburuazoka.com\/","logo":{"@type":"ImageObject","inLanguage":"eu-ES","@id":"https:\/\/bilbokoliburuazoka.com\/#\/schema\/logo\/image\/","url":"https:\/\/bilbokoliburuazoka.com\/wp-content\/uploads\/2025\/05\/Logo-Feria-del-Libro-Bilbao-2025-scaled.png","contentUrl":"https:\/\/bilbokoliburuazoka.com\/wp-content\/uploads\/2025\/05\/Logo-Feria-del-Libro-Bilbao-2025-scaled.png","width":2560,"height":650,"caption":"Bilboko Liburu Azoka"},"image":{"@id":"https:\/\/bilbokoliburuazoka.com\/#\/schema\/logo\/image\/"},"sameAs":["https:\/\/www.instagram.com\/bilbokoliburuazoka\/"]}]}},"_links":{"self":[{"href":"https:\/\/bilbokoliburuazoka.com\/eu\/wp-json\/wp\/v2\/pages\/439","targetHints":{"allow":["GET"]}}],"collection":[{"href":"https:\/\/bilbokoliburuazoka.com\/eu\/wp-json\/wp\/v2\/pages"}],"about":[{"href":"https:\/\/bilbokoliburuazoka.com\/eu\/wp-json\/wp\/v2\/types\/page"}],"author":[{"embeddable":true,"href":"https:\/\/bilbokoliburuazoka.com\/eu\/wp-json\/wp\/v2\/users\/1"}],"replies":[{"embeddable":true,"href":"https:\/\/bilbokoliburuazoka.com\/eu\/wp-json\/wp\/v2\/comments?post=439"}],"version-history":[{"count":8,"href":"https:\/\/bilbokoliburuazoka.com\/eu\/wp-json\/wp\/v2\/pages\/439\/revisions"}],"predecessor-version":[{"id":597,"href":"https:\/\/bilbokoliburuazoka.com\/eu\/wp-json\/wp\/v2\/pages\/439\/revisions\/597"}],"wp:attachment":[{"href":"https:\/\/bilbokoliburuazoka.com\/eu\/wp-json\/wp\/v2\/media?parent=439"}],"curies":[{"name":"wp","href":"https:\/\/api.w.org\/{rel}","templated":true}]}}